{"id":370,"date":"2021-01-15T14:04:05","date_gmt":"2021-01-15T13:04:05","guid":{"rendered":"http:\/\/localhost\/fluidbay\/?page_id=370"},"modified":"2025-02-19T16:07:06","modified_gmt":"2025-02-19T15:07:06","slug":"privacy-policy","status":"publish","type":"page","link":"https:\/\/fluidbay.com\/it\/privacy-policy\/","title":{"rendered":"Informativa privacy"},"content":{"rendered":"<div data-elementor-type=\"wp-page\" data-elementor-id=\"370\" class=\"elementor elementor-370\" data-elementor-settings=\"[]\">\r\n\t\t\t\t\t\t<div class=\"elementor-inner\">\r\n\t\t\t\t\t\t\t<div class=\"elementor-section-wrap\">\r\n\t\t\t\t\t\t\t<section class=\"elementor-section elementor-top-section elementor-element elementor-element-fa42765 elementor-section-full_width elementor-section-height-min-height elementor-section-items-top elementor-section-stretched elementor-section-height-default\" data-id=\"fa42765\" data-element_type=\"section\" data-settings=\"{&quot;stretch_section&quot;:&quot;section-stretched&quot;,&quot;background_background&quot;:&quot;classic&quot;}\">\r\n\t\t\t\t\t\t\t<div class=\"elementor-background-overlay\"><\/div>\r\n\t\t\t\t\t\t\t<div class=\"elementor-container elementor-column-gap-no\">\r\n\t\t\t\t\t\t\t<div class=\"elementor-row\">\r\n\t\t\t\t\t<div class=\"elementor-column elementor-col-100 elementor-top-column elementor-element elementor-element-773d5f5\" data-id=\"773d5f5\" data-element_type=\"column\">\r\n\t\t\t<div class=\"elementor-column-wrap elementor-element-populated\">\r\n\t\t\t\t\t\t\t<div class=\"elementor-widget-wrap\">\r\n\t\t\t\t\t\t<div class=\"elementor-element elementor-element-2c8089f elementor-widget elementor-widget-heading\" data-id=\"2c8089f\" data-element_type=\"widget\" data-widget_type=\"heading.default\">\r\n\t\t\t\t<div class=\"elementor-widget-container\">\r\n\t\t\t<h2 class=\"elementor-heading-title elementor-size-default\">Privacy policy<\/h2>\t\t<\/div>\r\n\t\t\t\t<\/div>\r\n\t\t\t\t<div class=\"elementor-element elementor-element-05bb6c6 elementor-widget elementor-widget-heading\" data-id=\"05bb6c6\" data-element_type=\"widget\" data-widget_type=\"heading.default\">\r\n\t\t\t\t<div class=\"elementor-widget-container\">\r\n\t\t\t<h2 class=\"elementor-heading-title elementor-size-default\">Benvenuto su Fluidbay, il sito ecommerce dedicato all'oleodinamica.<\/h2>\t\t<\/div>\r\n\t\t\t\t<\/div>\r\n\t\t\t\t\t\t<\/div>\r\n\t\t\t\t\t<\/div>\r\n\t\t<\/div>\r\n\t\t\t\t\t\t\t\t<\/div>\r\n\t\t\t\t\t<\/div>\r\n\t\t<\/section>\r\n\t\t\t\t<section class=\"elementor-section elementor-top-section elementor-element elementor-element-18af614 elementor-section-full_width elementor-section-stretched elementor-section-height-default elementor-section-height-default\" data-id=\"18af614\" data-element_type=\"section\" data-settings=\"{&quot;stretch_section&quot;:&quot;section-stretched&quot;,&quot;background_background&quot;:&quot;classic&quot;}\">\r\n\t\t\t\t\t\t<div class=\"elementor-container elementor-column-gap-no\">\r\n\t\t\t\t\t\t\t<div class=\"elementor-row\">\r\n\t\t\t\t\t<div class=\"elementor-column elementor-col-100 elementor-top-column elementor-element elementor-element-f16c055\" data-id=\"f16c055\" data-element_type=\"column\">\r\n\t\t\t<div class=\"elementor-column-wrap elementor-element-populated\">\r\n\t\t\t\t\t\t\t<div class=\"elementor-widget-wrap\">\r\n\t\t\t\t\t\t<section class=\"elementor-section elementor-inner-section elementor-element elementor-element-09f3aa3 elementor-section-boxed elementor-section-height-default elementor-section-height-default\" data-id=\"09f3aa3\" data-element_type=\"section\">\r\n\t\t\t\t\t\t<div class=\"elementor-container elementor-column-gap-default\">\r\n\t\t\t\t\t\t\t<div class=\"elementor-row\">\r\n\t\t\t\t\t<div class=\"elementor-column elementor-col-100 elementor-inner-column elementor-element elementor-element-4060d6d\" data-id=\"4060d6d\" data-element_type=\"column\" data-settings=\"{&quot;background_background&quot;:&quot;classic&quot;}\">\r\n\t\t\t<div class=\"elementor-column-wrap elementor-element-populated\">\r\n\t\t\t\t\t\t\t<div class=\"elementor-widget-wrap\">\r\n\t\t\t\t\t\t<div class=\"elementor-element elementor-element-51afe84 elementor-view-default elementor-position-top elementor-vertical-align-top elementor-widget elementor-widget-icon-box\" data-id=\"51afe84\" data-element_type=\"widget\" data-widget_type=\"icon-box.default\">\r\n\t\t\t\t<div class=\"elementor-widget-container\">\r\n\t\t\t\t\t<div class=\"elementor-icon-box-wrapper\">\r\n\t\t\t\t\t\t<div class=\"elementor-icon-box-icon\">\r\n\t\t\t\t<span class=\"elementor-icon elementor-animation-\" >\r\n\t\t\t\t<svg xmlns=\"http:\/\/www.w3.org\/2000\/svg\" xmlns:xlink=\"http:\/\/www.w3.org\/1999\/xlink\" xmlns:svgjs=\"http:\/\/svgjs.com\/svgjs\" width=\"512\" height=\"512\" x=\"0\" y=\"0\" viewbox=\"0 0 511.999 511.999\" style=\"enable-background:new 0 0 512 512\" xml:space=\"preserve\" class=\"\"><g>\n<g xmlns=\"http:\/\/www.w3.org\/2000\/svg\">\n\t<g>\n\t\t<g>\n\t\t\t<path d=\"M455.822,62.599c-63.875-4-129.228-24.57-194.245-61.138c-3.465-1.948-7.691-1.948-11.156,0     C185.404,38.03,120.051,58.6,56.176,62.599c-5.995,0.375-10.666,5.348-10.666,11.356v216.178     c0,35.772,11.163,69.812,33.176,101.176c17.293,24.637,41.281,47.625,71.298,68.325c50.574,34.875,100.429,51.143,102.526,51.818     c1.134,0.365,2.311,0.547,3.487,0.547s2.353-0.183,3.487-0.547c2.098-0.676,51.952-16.944,102.526-51.818     c30.017-20.698,54.005-43.686,71.298-68.325c22.016-31.364,33.179-65.404,33.179-101.176V73.956     C466.488,67.947,461.817,62.975,455.822,62.599z M443.733,290.133c0,56.598-31.692,107.221-94.197,150.463     c-40.464,27.994-81.542,43.715-93.541,47.993c-11.948-4.25-52.667-19.812-93.092-47.689     c-62.797-43.304-94.637-94.028-94.637-150.767V84.499c62.053-5.558,125.125-25.749,187.733-60.107     c62.609,34.356,125.68,54.548,187.733,60.107V290.133z\" fill=\"#9caabf\" data-original=\"#000000\" style=\"\" class=\"\"><\/path>\n\t\t\t<path d=\"M298.509,298.322c-1.611-9.663-3.265-19.589-4.732-29.425c18.992-12.568,30.489-33.68,30.489-56.867     c0-37.642-30.624-68.267-68.267-68.267s-68.267,30.624-68.267,68.267c0,23.187,11.496,44.299,30.489,56.866     c-1.467,9.836-3.121,19.762-4.732,29.425c-3.295,19.777-6.705,40.226-8.639,60.54c-0.304,3.191,0.752,6.361,2.909,8.734     c2.156,2.371,5.212,3.723,8.417,3.723h79.644c3.205,0,6.262-1.352,8.417-3.723c2.157-2.371,3.212-5.542,2.909-8.734     C305.214,338.548,301.805,318.098,298.509,298.322z M270.149,264.486c1.747,12.577,3.865,25.287,5.913,37.577     c2.547,15.284,5.163,30.979,7.068,46.5h-54.262c1.905-15.52,4.52-31.216,7.068-46.5c2.048-12.29,4.167-25,5.913-37.577     c0.671-4.833-1.815-9.556-6.178-11.74c-15.533-7.774-25.182-23.377-25.182-40.716c0-25.095,20.416-45.511,45.511-45.511     s45.511,20.416,45.511,45.511c0,17.341-9.649,32.942-25.184,40.716C271.964,254.929,269.479,259.652,270.149,264.486z\" fill=\"#9caabf\" data-original=\"#000000\" style=\"\" class=\"\"><\/path>\n\t\t\t<path d=\"M250.824,52.884c-49.851,25.465-100.398,42.448-150.234,50.48c-5.515,0.889-9.568,5.648-9.568,11.233v175.536     c0,48.291,27.962,92.319,83.11,130.862c30.397,21.242,61.674,35.196,77.614,41.622c1.364,0.551,2.81,0.826,4.254,0.826     s2.89-0.275,4.254-0.826c8.373-3.376,21.474-9.024,36.333-16.755c5.574-2.9,7.743-9.77,4.842-15.345     c-2.9-5.575-9.77-7.741-15.344-4.841c-11.741,6.109-22.311,10.837-30.084,14.088c-15.924-6.662-42.774-19.21-68.832-37.422     c-48.699-34.034-73.391-71.787-73.391-112.209V124.185c47.329-8.646,95.105-24.911,142.222-48.423     c47.118,23.512,94.893,39.777,142.222,48.423v165.948c0,29.949-13.645,58.616-40.558,85.205c-4.47,4.417-4.514,11.62-0.097,16.09     c4.418,4.471,11.62,4.514,16.09,0.097c31.399-31.023,47.32-65.135,47.32-101.392V114.597c0-5.585-4.054-10.345-9.568-11.233     c-49.837-8.032-100.384-25.015-150.234-50.48C257.923,51.223,254.074,51.223,250.824,52.884z\" fill=\"#9caabf\" data-original=\"#000000\" style=\"\" class=\"\"><\/path>\n\t\t\t<path d=\"M322.868,403.762c-0.354,0.356-0.707,0.711-1.062,1.062c-4.467,4.42-4.503,11.625-0.083,16.09     c2.226,2.248,5.155,3.374,8.086,3.374c2.892,0,5.786-1.096,8.003-3.292c0.405-0.402,0.81-0.807,1.214-1.214     c4.425-4.462,4.392-11.667-0.071-16.09C334.495,399.269,327.293,399.299,322.868,403.762z\" fill=\"#9caabf\" data-original=\"#000000\" style=\"\" class=\"\"><\/path>\n\t\t<\/g>\n\t<\/g>\n<\/g>\n<g xmlns=\"http:\/\/www.w3.org\/2000\/svg\">\n<\/g>\n<g xmlns=\"http:\/\/www.w3.org\/2000\/svg\">\n<\/g>\n<g xmlns=\"http:\/\/www.w3.org\/2000\/svg\">\n<\/g>\n<g xmlns=\"http:\/\/www.w3.org\/2000\/svg\">\n<\/g>\n<g xmlns=\"http:\/\/www.w3.org\/2000\/svg\">\n<\/g>\n<g xmlns=\"http:\/\/www.w3.org\/2000\/svg\">\n<\/g>\n<g xmlns=\"http:\/\/www.w3.org\/2000\/svg\">\n<\/g>\n<g xmlns=\"http:\/\/www.w3.org\/2000\/svg\">\n<\/g>\n<g xmlns=\"http:\/\/www.w3.org\/2000\/svg\">\n<\/g>\n<g xmlns=\"http:\/\/www.w3.org\/2000\/svg\">\n<\/g>\n<g xmlns=\"http:\/\/www.w3.org\/2000\/svg\">\n<\/g>\n<g xmlns=\"http:\/\/www.w3.org\/2000\/svg\">\n<\/g>\n<g xmlns=\"http:\/\/www.w3.org\/2000\/svg\">\n<\/g>\n<g xmlns=\"http:\/\/www.w3.org\/2000\/svg\">\n<\/g>\n<g xmlns=\"http:\/\/www.w3.org\/2000\/svg\">\n<\/g>\n<\/g><\/svg>\t\t\t\t<\/span>\r\n\t\t\t<\/div>\r\n\t\t\t\t\t\t<div class=\"elementor-icon-box-content\">\r\n\t\t\t\t<h3 class=\"elementor-icon-box-title\">\r\n\t\t\t\t\t<span >Informativa privacy<\/span>\r\n\t\t\t\t<\/h3>\r\n\t\t\t\t\t\t\t<\/div>\r\n\t\t<\/div>\r\n\t\t\t\t<\/div>\r\n\t\t\t\t<\/div>\r\n\t\t\t\t<div class=\"elementor-element elementor-element-ca3107c elementor-widget-divider--view-line elementor-widget elementor-widget-divider\" data-id=\"ca3107c\" data-element_type=\"widget\" data-widget_type=\"divider.default\">\r\n\t\t\t\t<div class=\"elementor-widget-container\">\r\n\t\t\t\t\t<div class=\"elementor-divider\">\r\n\t\t\t<span class=\"elementor-divider-separator\">\r\n\t\t\t\t\t\t<\/span>\r\n\t\t<\/div>\r\n\t\t\t\t<\/div>\r\n\t\t\t\t<\/div>\r\n\t\t\t\t<div class=\"elementor-element elementor-element-aa7a632 elementor-widget elementor-widget-text-editor\" data-id=\"aa7a632\" data-element_type=\"widget\" data-widget_type=\"text-editor.default\">\r\n\t\t\t\t<div class=\"elementor-widget-container\">\r\n\t\t\t\t\t<div class=\"elementor-text-editor elementor-clearfix\"><h3 class=\"western\"><span style=\"color: #393939;\"><span style=\"font-family: Open Sans Condensed, Arial, Helvetica, sans-serif;\"><span style=\"font-size: large;\">La tutela della vostra Privacy \u00e8 uno dei nostri principali obiettivi.<\/span><\/span><\/span><\/h3><\/div>\r\n\t\t\t\t<\/div>\r\n\t\t\t\t<\/div>\r\n\t\t\t\t<div class=\"elementor-element elementor-element-daff0dd elementor-widget elementor-widget-heading\" data-id=\"daff0dd\" data-element_type=\"widget\" data-widget_type=\"heading.default\">\r\n\t\t\t\t<div class=\"elementor-widget-container\">\r\n\t\t\t<h2 class=\"elementor-heading-title elementor-size-default\">Fluidbay con sede legale in Via Pastrengo, 62 Varedo (MB), si impegna costantemente per tutelare la privacy on-line dei suoi visitatori. Questo documento le permetter\u00e0 di conoscere la nostra politica sulla privacy per capire come le sue informazioni personali vengono gestite e per consentirle, se del caso, di prestare un consenso al trattamento dei suoi dati personali espresso e consapevole nelle sezioni del sito ove viene richiesto di fornire i dati personali. Le ricordiamo che nelle varie sezioni del sito web ove raccogliamo i suoi dati personali sono pubblicate specifiche informative ai sensi dell'art. 13 del Regolamento EU 679\/2016 (di seguito: \"Regolamento\") per sua necessaria presa visione prima della fornitura dei dati richiesti. Le informazioni ed i dati da lei forniti o altrimenti acquisiti nell'ambito della registrazione ai vari servizi, saranno oggetto di trattamento nel rispetto delle disposizioni del Regolamento e degli obblighi di riservatezza che ispirano la nostra attivit\u00e0. Secondo le norme del Regolamento, i trattamenti effettuati da Fluidbay saranno improntati ai principi di liceit\u00e0, correttezza, trasparenza, limitazione delle finalit\u00e0 e della conservazione, minimizzazione dei dati, esattezza, integrit\u00e0 e riservatezza.<\/h2>\t\t<\/div>\r\n\t\t\t\t<\/div>\r\n\t\t\t\t<div class=\"elementor-element elementor-element-46c4663 elementor-widget elementor-widget-text-editor\" data-id=\"46c4663\" data-element_type=\"widget\" data-widget_type=\"text-editor.default\">\r\n\t\t\t\t<div class=\"elementor-widget-container\">\r\n\t\t\t\t\t<div class=\"elementor-text-editor elementor-clearfix\"><h3 class=\"western\"><span style=\"color: #393939;\"><span style=\"font-family: Open Sans Condensed, Arial, Helvetica, sans-serif;\"><span style=\"font-size: large;\">1. I dati personali oggetto del trattamento <br \/><\/span><\/span><\/span><\/h3><\/div>\r\n\t\t\t\t<\/div>\r\n\t\t\t\t<\/div>\r\n\t\t\t\t<div class=\"elementor-element elementor-element-55614ab elementor-widget elementor-widget-heading\" data-id=\"55614ab\" data-element_type=\"widget\" data-widget_type=\"heading.default\">\r\n\t\t\t\t<div class=\"elementor-widget-container\">\r\n\t\t\t<h2 class=\"elementor-heading-title elementor-size-default\">Per trattamento di dati personali intendiamo qualsiasi operazione o insieme di operazioni, compiute con o senza l'ausilio di processi automatizzati e applicate a dati personali o insiemi di dati personali, come la raccolta, la registrazione, l'organizzazione, la strutturazione, la conservazione, l'adattamento o la modifica, l'estrazione, la consultazione, l'uso, la comunicazione mediante trasmissione, diffusione o qualsiasi altra forma di messa a disposizione, il raffronto o l'interconnessione, la limitazione, la cancellazione o la distruzione. La informiamo che i dati personali oggetto di trattamento saranno costituiti - anche a seconda delle sue decisioni su come utilizzare i Servizi - da un identificativo come il nome, l'indirizzo email, e altri dati idonei a renderla identificato\/a o identificabile.<\/h2>\t\t<\/div>\r\n\t\t\t\t<\/div>\r\n\t\t\t\t<div class=\"elementor-element elementor-element-2722df3 elementor-widget elementor-widget-text-editor\" data-id=\"2722df3\" data-element_type=\"widget\" data-widget_type=\"text-editor.default\">\r\n\t\t\t\t<div class=\"elementor-widget-container\">\r\n\t\t\t\t\t<div class=\"elementor-text-editor elementor-clearfix\"><h3 class=\"western\"><span style=\"color: #393939;\"><span style=\"font-family: Open Sans Condensed, Arial, Helvetica, sans-serif;\"><span style=\"font-size: large;\">2. <b>Finalit\u00e0 del trattamento<\/b><\/span><\/span><\/span><\/h3><\/div>\r\n\t\t\t\t<\/div>\r\n\t\t\t\t<\/div>\r\n\t\t\t\t<div class=\"elementor-element elementor-element-507c473 elementor-widget elementor-widget-heading\" data-id=\"507c473\" data-element_type=\"widget\" data-widget_type=\"heading.default\">\r\n\t\t\t\t<div class=\"elementor-widget-container\">\r\n\t\t\t<h2 class=\"elementor-heading-title elementor-size-default\">Il trattamento che intendiamo effettuare, dietro suo specifico consenso ove necessario, ha le seguenti finalit\u00e0:<br><br>\n\na. consentire la navigazione e la consultazione del sito web di Fluidbay;<br>\nb. rispondere a richieste di assistenza o di informazioni, che riceveremo via e-mail, telefono o chat attraverso la pagina \"Contattaci\" del nostro Sito, o tramite gli appositi form del Sito.<br>\nc. assolvere obblighi di legge, contabili e fiscali;<br>\nd. svolgere marketing diretto via e-mail a meno che lei non si sia opposto a tale trattamento inizialmente o in occasione di successive comunicazioni, per il perseguimento del legittimo interesse di Fluidbay a promuovere prodotti o servizi a cui lei pu\u00f2 ragionevolmente essere interessato;<br>\ne. elaborare studi, ricerche, statistiche di mercato; inviarle materiale pubblicitario, informativo, informazioni commerciali o sondaggi per migliorare il servizio (\"customer satisfaction\") via e-mail o via sms, e\/o attraverso l'uso del telefono.<\/h2>\t\t<\/div>\r\n\t\t\t\t<\/div>\r\n\t\t\t\t<div class=\"elementor-element elementor-element-5410006 elementor-widget elementor-widget-text-editor\" data-id=\"5410006\" data-element_type=\"widget\" data-widget_type=\"text-editor.default\">\r\n\t\t\t\t<div class=\"elementor-widget-container\">\r\n\t\t\t\t\t<div class=\"elementor-text-editor elementor-clearfix\"><h3 class=\"western\"><span style=\"color: #393939;\"><span style=\"font-family: Open Sans Condensed, Arial, Helvetica, sans-serif;\"><span style=\"font-size: large;\">3. Base legale e natura obbligatoria o facoltativa del trattamento<\/span><\/span><\/span><\/h3><\/div>\r\n\t\t\t\t<\/div>\r\n\t\t\t\t<\/div>\r\n\t\t\t\t<div class=\"elementor-element elementor-element-b57c41d elementor-widget elementor-widget-heading\" data-id=\"b57c41d\" data-element_type=\"widget\" data-widget_type=\"heading.default\">\r\n\t\t\t\t<div class=\"elementor-widget-container\">\r\n\t\t\t<h2 class=\"elementor-heading-title elementor-size-default\">La base legale del trattamento di Dati Personali per le finalit\u00e0 di cui alla sezione 2 \u00e8 l\u2019esecuzione di un obbligo contrattuale nonch\u00e9 l\u2019interesse legittimo. I trattamenti di cui alla sezione 2 (d), eseguiti per finalit\u00e0 di marketing trovano applicazione sulla base del consenso.<\/h2>\t\t<\/div>\r\n\t\t\t\t<\/div>\r\n\t\t\t\t<div class=\"elementor-element elementor-element-9f587f0 elementor-widget elementor-widget-text-editor\" data-id=\"9f587f0\" data-element_type=\"widget\" data-widget_type=\"text-editor.default\">\r\n\t\t\t\t<div class=\"elementor-widget-container\">\r\n\t\t\t\t\t<div class=\"elementor-text-editor elementor-clearfix\"><h3 class=\"western\"><span style=\"color: #393939;\"><span style=\"font-family: Open Sans Condensed, Arial, Helvetica, sans-serif;\"><span style=\"font-size: large;\">4. <b>Destinatari dei dati personali<\/b><\/span><\/span><\/span><\/h3><\/div>\r\n\t\t\t\t<\/div>\r\n\t\t\t\t<\/div>\r\n\t\t\t\t<div class=\"elementor-element elementor-element-867e41b elementor-widget elementor-widget-heading\" data-id=\"867e41b\" data-element_type=\"widget\" data-widget_type=\"heading.default\">\r\n\t\t\t\t<div class=\"elementor-widget-container\">\r\n\t\t\t<h2 class=\"elementor-heading-title elementor-size-default\">I suoi Dati Personali potranno essere condivisi, per le finalit\u00e0 di cui alla sezione 2 pi\u00f9 sopra, con: soggetti che agiscono tipicamente in qualit\u00e0 di responsabili del trattamento ossia: persone, societ\u00e0 o studi professionali che prestano attivit\u00e0 di assistenza e consulenza a Fluidbay in materia contabile, amministrativa, legale, tributaria, finanziaria e di recupero crediti relativamente alla erogazione dei Servizi. <\/h2>\t\t<\/div>\r\n\t\t\t\t<\/div>\r\n\t\t\t\t<div class=\"elementor-element elementor-element-6c1b321 elementor-widget elementor-widget-text-editor\" data-id=\"6c1b321\" data-element_type=\"widget\" data-widget_type=\"text-editor.default\">\r\n\t\t\t\t<div class=\"elementor-widget-container\">\r\n\t\t\t\t\t<div class=\"elementor-text-editor elementor-clearfix\"><h3 class=\"western\"><span style=\"color: #393939;\"><span style=\"font-family: Open Sans Condensed, Arial, Helvetica, sans-serif;\"><span style=\"font-size: large;\">5. <b>Conservazione dei dati<\/b><\/span><\/span><\/span><\/h3><\/div>\r\n\t\t\t\t<\/div>\r\n\t\t\t\t<\/div>\r\n\t\t\t\t<div class=\"elementor-element elementor-element-cb1520e elementor-widget elementor-widget-heading\" data-id=\"cb1520e\" data-element_type=\"widget\" data-widget_type=\"heading.default\">\r\n\t\t\t\t<div class=\"elementor-widget-container\">\r\n\t\t\t<h2 class=\"elementor-heading-title elementor-size-default\">I Dati Personali trattati per le finalit\u00e0 di cui alla sezione 2 saranno conservati per il tempo strettamente necessario a raggiungere quelle stesse finalit\u00e0. In ogni caso, non saranno trattenuti oltre i 2 anni dalla cessazione del rapporto. Maggiori informazioni in merito al periodo di conservazione dei dati e ai criteri utilizzati per determinare tale periodo possono essere richieste scrivendo al Titolare.<\/h2>\t\t<\/div>\r\n\t\t\t\t<\/div>\r\n\t\t\t\t<div class=\"elementor-element elementor-element-2f3b789 elementor-widget elementor-widget-text-editor\" data-id=\"2f3b789\" data-element_type=\"widget\" data-widget_type=\"text-editor.default\">\r\n\t\t\t\t<div class=\"elementor-widget-container\">\r\n\t\t\t\t\t<div class=\"elementor-text-editor elementor-clearfix\"><h3 class=\"western\"><span style=\"color: #393939;\"><span style=\"font-family: Open Sans Condensed, Arial, Helvetica, sans-serif;\"><span style=\"font-size: large;\">6. <b>Diritti degli interessati<\/b><\/span><\/span><\/span><\/h3><\/div>\r\n\t\t\t\t<\/div>\r\n\t\t\t\t<\/div>\r\n\t\t\t\t<div class=\"elementor-element elementor-element-a2e26ea elementor-widget elementor-widget-heading\" data-id=\"a2e26ea\" data-element_type=\"widget\" data-widget_type=\"heading.default\">\r\n\t\t\t\t<div class=\"elementor-widget-container\">\r\n\t\t\t<h2 class=\"elementor-heading-title elementor-size-default\">Lei ha il diritto di chiedere a Fluidbay in qualunque momento, l'accesso ai suoi Dati Personali, la rettifica o la cancellazione degli stessi o di opporsi al loro trattamento nei casi previsti dall'articolo 20 del Regolamento, ha diritto di richiedere la limitazione del trattamento nei casi previsti dall'art. 18 del Regolamento, nonch\u00e9 di ottenere in un formato strutturato, di uso comune e leggibile da dispositivo automatico i dati che la riguardano (portabilit\u00e0), nei casi previsti dall'art. 20 del Regolamento. \n<br><br>\nIn ogni caso lei ha sempre diritto di proporre reclamo all'autorit\u00e0 di controllo competente (Garante per la Protezione dei Dati Personali), ai sensi dell'art. 77 del Regolamento, qualora ritenga che il trattamento dei suoi dati sia contrario alla normativa in vigore.\n<\/h2>\t\t<\/div>\r\n\t\t\t\t<\/div>\r\n\t\t\t\t\t\t<\/div>\r\n\t\t\t\t\t<\/div>\r\n\t\t<\/div>\r\n\t\t\t\t\t\t\t\t<\/div>\r\n\t\t\t\t\t<\/div>\r\n\t\t<\/section>\r\n\t\t\t\t\t\t<\/div>\r\n\t\t\t\t\t<\/div>\r\n\t\t<\/div>\r\n\t\t\t\t\t\t\t\t<\/div>\r\n\t\t\t\t\t<\/div>\r\n\t\t<\/section>\r\n\t\t\t\t\t\t<\/div>\r\n\t\t\t\t\t\t<\/div>\r\n\t\t\t\t\t<\/div>","protected":false},"excerpt":{"rendered":"<p>Privacy policy Welcome to FluidBay, the online shop dedicated to compact hydraulics. Privacy Policy The protection of your Privacy is one of our main objectives. Fluidbay with head office in Varedo, Via Pastrengo 62, constantly strives to protect the online privacy of its visitors. This document will let you know our privacy policy to understand [&hellip;]<\/p>","protected":false},"author":1,"featured_media":0,"parent":0,"menu_order":0,"comment_status":"closed","ping_status":"closed","template":"elementor_header_footer","meta":{"_glsr_average":0,"_glsr_ranking":0,"_glsr_reviews":0,"footnotes":""},"class_list":["post-370","page","type-page","status-publish","hentry"],"_links":{"self":[{"href":"https:\/\/fluidbay.com\/it\/wp-json\/wp\/v2\/pages\/370"}],"collection":[{"href":"https:\/\/fluidbay.com\/it\/wp-json\/wp\/v2\/pages"}],"about":[{"href":"https:\/\/fluidbay.com\/it\/wp-json\/wp\/v2\/types\/page"}],"author":[{"embeddable":true,"href":"https:\/\/fluidbay.com\/it\/wp-json\/wp\/v2\/users\/1"}],"replies":[{"embeddable":true,"href":"https:\/\/fluidbay.com\/it\/wp-json\/wp\/v2\/comments?post=370"}],"version-history":[{"count":47,"href":"https:\/\/fluidbay.com\/it\/wp-json\/wp\/v2\/pages\/370\/revisions"}],"predecessor-version":[{"id":14492,"href":"https:\/\/fluidbay.com\/it\/wp-json\/wp\/v2\/pages\/370\/revisions\/14492"}],"wp:attachment":[{"href":"https:\/\/fluidbay.com\/it\/wp-json\/wp\/v2\/media?parent=370"}],"curies":[{"name":"wp","href":"https:\/\/api.w.org\/{rel}","templated":true}]}}