{"id":384,"date":"2021-01-15T14:15:03","date_gmt":"2021-01-15T13:15:03","guid":{"rendered":"http:\/\/localhost\/fluidbay\/?page_id=384"},"modified":"2025-02-06T16:30:04","modified_gmt":"2025-02-06T15:30:04","slug":"condizioni-di-utilizzo","status":"publish","type":"page","link":"https:\/\/fluidbay.com\/it\/condizioni-di-utilizzo\/","title":{"rendered":"Condizioni di utilizzo"},"content":{"rendered":"<div data-elementor-type=\"wp-page\" data-elementor-id=\"384\" class=\"elementor elementor-384\" data-elementor-settings=\"[]\">\r\n\t\t\t\t\t\t<div class=\"elementor-inner\">\r\n\t\t\t\t\t\t\t<div class=\"elementor-section-wrap\">\r\n\t\t\t\t\t\t\t<section class=\"elementor-section elementor-top-section elementor-element elementor-element-fa42765 elementor-section-full_width elementor-section-height-min-height elementor-section-items-top elementor-section-stretched elementor-section-height-default\" data-id=\"fa42765\" data-element_type=\"section\" data-settings=\"{&quot;stretch_section&quot;:&quot;section-stretched&quot;,&quot;background_background&quot;:&quot;classic&quot;}\">\r\n\t\t\t\t\t\t\t<div class=\"elementor-background-overlay\"><\/div>\r\n\t\t\t\t\t\t\t<div class=\"elementor-container elementor-column-gap-no\">\r\n\t\t\t\t\t\t\t<div class=\"elementor-row\">\r\n\t\t\t\t\t<div class=\"elementor-column elementor-col-100 elementor-top-column elementor-element elementor-element-773d5f5\" data-id=\"773d5f5\" data-element_type=\"column\">\r\n\t\t\t<div class=\"elementor-column-wrap elementor-element-populated\">\r\n\t\t\t\t\t\t\t<div class=\"elementor-widget-wrap\">\r\n\t\t\t\t\t\t<div class=\"elementor-element elementor-element-2c8089f elementor-widget elementor-widget-heading\" data-id=\"2c8089f\" data-element_type=\"widget\" data-widget_type=\"heading.default\">\r\n\t\t\t\t<div class=\"elementor-widget-container\">\r\n\t\t\t<h2 class=\"elementor-heading-title elementor-size-default\">Condizioni di utilizzo<\/h2>\t\t<\/div>\r\n\t\t\t\t<\/div>\r\n\t\t\t\t<div class=\"elementor-element elementor-element-05bb6c6 elementor-widget elementor-widget-heading\" data-id=\"05bb6c6\" data-element_type=\"widget\" data-widget_type=\"heading.default\">\r\n\t\t\t\t<div class=\"elementor-widget-container\">\r\n\t\t\t<h2 class=\"elementor-heading-title elementor-size-default\">Benvenuto su Fluidbay, il sito ecommerce dedicato all'oleodinamica.<\/h2>\t\t<\/div>\r\n\t\t\t\t<\/div>\r\n\t\t\t\t\t\t<\/div>\r\n\t\t\t\t\t<\/div>\r\n\t\t<\/div>\r\n\t\t\t\t\t\t\t\t<\/div>\r\n\t\t\t\t\t<\/div>\r\n\t\t<\/section>\r\n\t\t\t\t<section class=\"elementor-section elementor-top-section elementor-element elementor-element-18af614 elementor-section-full_width elementor-section-stretched elementor-section-height-default elementor-section-height-default\" data-id=\"18af614\" data-element_type=\"section\" data-settings=\"{&quot;stretch_section&quot;:&quot;section-stretched&quot;,&quot;background_background&quot;:&quot;classic&quot;}\">\r\n\t\t\t\t\t\t<div class=\"elementor-container elementor-column-gap-no\">\r\n\t\t\t\t\t\t\t<div class=\"elementor-row\">\r\n\t\t\t\t\t<div class=\"elementor-column elementor-col-100 elementor-top-column elementor-element elementor-element-f16c055\" data-id=\"f16c055\" data-element_type=\"column\">\r\n\t\t\t<div class=\"elementor-column-wrap elementor-element-populated\">\r\n\t\t\t\t\t\t\t<div class=\"elementor-widget-wrap\">\r\n\t\t\t\t\t\t<div class=\"elementor-element elementor-element-4fa92e3 elementor-widget elementor-widget-heading\" data-id=\"4fa92e3\" data-element_type=\"widget\" data-widget_type=\"heading.default\">\r\n\t\t\t\t<div class=\"elementor-widget-container\">\r\n\t\t\t<p class=\"elementor-heading-title elementor-size-default\">Se desideri ricevere pi\u00f9 informazioni sui nostri prodotti e sulla nostra azienda, vai sul sito www.hydronit.com<\/p>\t\t<\/div>\r\n\t\t\t\t<\/div>\r\n\t\t\t\t<section class=\"elementor-section elementor-inner-section elementor-element elementor-element-09f3aa3 elementor-section-boxed elementor-section-height-default elementor-section-height-default\" data-id=\"09f3aa3\" data-element_type=\"section\">\r\n\t\t\t\t\t\t<div class=\"elementor-container elementor-column-gap-default\">\r\n\t\t\t\t\t\t\t<div class=\"elementor-row\">\r\n\t\t\t\t\t<div class=\"elementor-column elementor-col-100 elementor-inner-column elementor-element elementor-element-4060d6d\" data-id=\"4060d6d\" data-element_type=\"column\" data-settings=\"{&quot;background_background&quot;:&quot;classic&quot;}\">\r\n\t\t\t<div class=\"elementor-column-wrap elementor-element-populated\">\r\n\t\t\t\t\t\t\t<div class=\"elementor-widget-wrap\">\r\n\t\t\t\t\t\t<div class=\"elementor-element elementor-element-51afe84 elementor-position-left elementor-view-default elementor-vertical-align-top elementor-widget elementor-widget-icon-box\" data-id=\"51afe84\" data-element_type=\"widget\" data-widget_type=\"icon-box.default\">\r\n\t\t\t\t<div class=\"elementor-widget-container\">\r\n\t\t\t\t\t<div class=\"elementor-icon-box-wrapper\">\r\n\t\t\t\t\t\t<div class=\"elementor-icon-box-icon\">\r\n\t\t\t\t<span class=\"elementor-icon elementor-animation-\" >\r\n\t\t\t\t<svg xmlns=\"http:\/\/www.w3.org\/2000\/svg\" xmlns:xlink=\"http:\/\/www.w3.org\/1999\/xlink\" xmlns:svgjs=\"http:\/\/svgjs.com\/svgjs\" width=\"512\" height=\"512\" x=\"0\" y=\"0\" viewbox=\"0 0 24 24\" style=\"enable-background:new 0 0 512 512\" xml:space=\"preserve\"><g><path xmlns=\"http:\/\/www.w3.org\/2000\/svg\" d=\"m18.75 24h-13.5c-1.24 0-2.25-1.009-2.25-2.25v-10.5c0-1.241 1.01-2.25 2.25-2.25h13.5c1.24 0 2.25 1.009 2.25 2.25v10.5c0 1.241-1.01 2.25-2.25 2.25zm-13.5-13.5c-.413 0-.75.336-.75.75v10.5c0 .414.337.75.75.75h13.5c.413 0 .75-.336.75-.75v-10.5c0-.414-.337-.75-.75-.75z\" fill=\"#9caabf\" data-original=\"#000000\" style=\"\"><\/path><path xmlns=\"http:\/\/www.w3.org\/2000\/svg\" d=\"m17.25 10.5c-.414 0-.75-.336-.75-.75v-3.75c0-2.481-2.019-4.5-4.5-4.5s-4.5 2.019-4.5 4.5v3.75c0 .414-.336.75-.75.75s-.75-.336-.75-.75v-3.75c0-3.309 2.691-6 6-6s6 2.691 6 6v3.75c0 .414-.336.75-.75.75z\" fill=\"#9caabf\" data-original=\"#000000\" style=\"\"><\/path><path xmlns=\"http:\/\/www.w3.org\/2000\/svg\" d=\"m12 17c-1.103 0-2-.897-2-2s.897-2 2-2 2 .897 2 2-.897 2-2 2zm0-2.5c-.275 0-.5.224-.5.5s.225.5.5.5.5-.224.5-.5-.225-.5-.5-.5z\" fill=\"#9caabf\" data-original=\"#000000\" style=\"\"><\/path><path xmlns=\"http:\/\/www.w3.org\/2000\/svg\" d=\"m12 20c-.414 0-.75-.336-.75-.75v-2.75c0-.414.336-.75.75-.75s.75.336.75.75v2.75c0 .414-.336.75-.75.75z\" fill=\"#9caabf\" data-original=\"#000000\" style=\"\"><\/path><\/g><\/svg>\t\t\t\t<\/span>\r\n\t\t\t<\/div>\r\n\t\t\t\t\t\t<div class=\"elementor-icon-box-content\">\r\n\t\t\t\t<h3 class=\"elementor-icon-box-title\">\r\n\t\t\t\t\t<span >Accesso al sito<\/span>\r\n\t\t\t\t<\/h3>\r\n\t\t\t\t\t\t\t<\/div>\r\n\t\t<\/div>\r\n\t\t\t\t<\/div>\r\n\t\t\t\t<\/div>\r\n\t\t\t\t<div class=\"elementor-element elementor-element-a45a693 elementor-widget elementor-widget-heading\" data-id=\"a45a693\" data-element_type=\"widget\" data-widget_type=\"heading.default\">\r\n\t\t\t\t<div class=\"elementor-widget-container\">\r\n\t\t\t<h2 class=\"elementor-heading-title elementor-size-default\">Su questo sito web troverete informazioni sui nostri prodotti di potenza fluida, singoli componenti o unit\u00e0 di potenza micro e compatte completamente preconfigurate e assemblate. Puoi scegliere e comprarli.<\/h2>\t\t<\/div>\r\n\t\t\t\t<\/div>\r\n\t\t\t\t<div class=\"elementor-element elementor-element-6e0cc39 elementor-widget elementor-widget-heading\" data-id=\"6e0cc39\" data-element_type=\"widget\" data-widget_type=\"heading.default\">\r\n\t\t\t\t<div class=\"elementor-widget-container\">\r\n\t\t\t<h2 class=\"elementor-heading-title elementor-size-default\">L'accesso al sito implica l'accettazione delle condizioni di utilizzo qui descritte. Le pagine di questo sito sono state create e aggiornate con la massima diligenza, ma non possiamo garantire l'assenza di errori di battitura o trascrizione.<\/h2>\t\t<\/div>\r\n\t\t\t\t<\/div>\r\n\t\t\t\t<div class=\"elementor-element elementor-element-e08e842 elementor-widget elementor-widget-heading\" data-id=\"e08e842\" data-element_type=\"widget\" data-widget_type=\"heading.default\">\r\n\t\t\t\t<div class=\"elementor-widget-container\">\r\n\t\t\t<h2 class=\"elementor-heading-title elementor-size-default\">La nostra azienda non \u00e8 responsabile per eventuali danni che possono essere causati a persone o cose derivanti da un uso improprio delle informazioni su questo sito o dei prodotti acquistati online.<\/h2>\t\t<\/div>\r\n\t\t\t\t<\/div>\r\n\t\t\t\t<div class=\"elementor-element elementor-element-0df7487 elementor-position-left elementor-view-default elementor-vertical-align-top elementor-widget elementor-widget-icon-box\" data-id=\"0df7487\" data-element_type=\"widget\" data-widget_type=\"icon-box.default\">\r\n\t\t\t\t<div class=\"elementor-widget-container\">\r\n\t\t\t\t\t<div class=\"elementor-icon-box-wrapper\">\r\n\t\t\t\t\t\t<div class=\"elementor-icon-box-icon\">\r\n\t\t\t\t<span class=\"elementor-icon elementor-animation-\" >\r\n\t\t\t\t<svg xmlns=\"http:\/\/www.w3.org\/2000\/svg\" xmlns:xlink=\"http:\/\/www.w3.org\/1999\/xlink\" xmlns:svgjs=\"http:\/\/svgjs.com\/svgjs\" width=\"512\" height=\"512\" x=\"0\" y=\"0\" viewbox=\"0 0 367.467 367.467\" style=\"enable-background:new 0 0 512 512\" xml:space=\"preserve\" class=\"\"><g>\n<g xmlns=\"http:\/\/www.w3.org\/2000\/svg\">\n\t<path d=\"M183.73,0.018C82.427,0.018,0,82.404,0,183.733c0,101.289,82.427,183.716,183.73,183.716   c101.315,0,183.737-82.427,183.737-183.716C367.467,82.404,285.045,0.018,183.73,0.018z M183.73,326.518   c-78.743,0-142.798-64.052-142.798-142.784c0-78.766,64.055-142.817,142.798-142.817c78.752,0,142.807,64.052,142.807,142.817   C326.536,262.466,262.481,326.518,183.73,326.518z\" fill=\"#9caabf\" data-original=\"#000000\" style=\"\" class=\"\"><\/path>\n\t<path d=\"M244.036,217.014c-11.737,20.141-33.562,32.635-56.956,32.635c-36.329,0-65.921-29.585-65.921-65.915   c0-36.36,29.592-65.955,65.921-65.955c23.395,0,45.219,12.54,56.956,32.641l1.517,2.627h44.28l-2.658-7.129   c-7.705-20.413-21.225-37.769-39.122-50.157c-17.942-12.42-39.017-19.009-60.973-19.009c-58.981,0-106.946,48.006-106.946,106.982   c0,58.98,47.965,106.941,106.946,106.941c21.956,0,43.03-6.567,60.973-19.006c17.897-12.391,31.417-29.741,39.122-50.154   l2.658-7.133h-44.28L244.036,217.014z\" fill=\"#9caabf\" data-original=\"#000000\" style=\"\" class=\"\"><\/path>\n<\/g>\n<g xmlns=\"http:\/\/www.w3.org\/2000\/svg\">\n<\/g>\n<g xmlns=\"http:\/\/www.w3.org\/2000\/svg\">\n<\/g>\n<g xmlns=\"http:\/\/www.w3.org\/2000\/svg\">\n<\/g>\n<g xmlns=\"http:\/\/www.w3.org\/2000\/svg\">\n<\/g>\n<g xmlns=\"http:\/\/www.w3.org\/2000\/svg\">\n<\/g>\n<g xmlns=\"http:\/\/www.w3.org\/2000\/svg\">\n<\/g>\n<g xmlns=\"http:\/\/www.w3.org\/2000\/svg\">\n<\/g>\n<g xmlns=\"http:\/\/www.w3.org\/2000\/svg\">\n<\/g>\n<g xmlns=\"http:\/\/www.w3.org\/2000\/svg\">\n<\/g>\n<g xmlns=\"http:\/\/www.w3.org\/2000\/svg\">\n<\/g>\n<g xmlns=\"http:\/\/www.w3.org\/2000\/svg\">\n<\/g>\n<g xmlns=\"http:\/\/www.w3.org\/2000\/svg\">\n<\/g>\n<g xmlns=\"http:\/\/www.w3.org\/2000\/svg\">\n<\/g>\n<g xmlns=\"http:\/\/www.w3.org\/2000\/svg\">\n<\/g>\n<g xmlns=\"http:\/\/www.w3.org\/2000\/svg\">\n<\/g>\n<\/g><\/svg>\t\t\t\t<\/span>\r\n\t\t\t<\/div>\r\n\t\t\t\t\t\t<div class=\"elementor-icon-box-content\">\r\n\t\t\t\t<h3 class=\"elementor-icon-box-title\">\r\n\t\t\t\t\t<span >Copyright<\/span>\r\n\t\t\t\t<\/h3>\r\n\t\t\t\t\t\t\t<\/div>\r\n\t\t<\/div>\r\n\t\t\t\t<\/div>\r\n\t\t\t\t<\/div>\r\n\t\t\t\t<div class=\"elementor-element elementor-element-a83e6a0 elementor-widget elementor-widget-heading\" data-id=\"a83e6a0\" data-element_type=\"widget\" data-widget_type=\"heading.default\">\r\n\t\t\t\t<div class=\"elementor-widget-container\">\r\n\t\t\t<h2 class=\"elementor-heading-title elementor-size-default\">Loghi, marchi, testi, documenti, immagini e contenuti multimediali pubblicati su questo sito sono di propriet\u00e0 di Hydronit Srl o sono stati concessi in licenza dai legittimi proprietari o autorizzati. <\/h2>\t\t<\/div>\r\n\t\t\t\t<\/div>\r\n\t\t\t\t<div class=\"elementor-element elementor-element-ba129d5 elementor-widget elementor-widget-heading\" data-id=\"ba129d5\" data-element_type=\"widget\" data-widget_type=\"heading.default\">\r\n\t\t\t\t<div class=\"elementor-widget-container\">\r\n\t\t\t<h2 class=\"elementor-heading-title elementor-size-default\">Questo materiale \u00e8 protetto da copyright, marchio, registrazione e altre leggi sulla propriet\u00e0 intellettuale. Nessuna parte di questo materiale pu\u00f2 essere riprodotta, conservata, trasmessa o copiata, ad eccezione dell'uso personale, senza la previa autorizzazione scritta del personale di Fluidbay. Tutti i diritti sono riservati. <\/h2>\t\t<\/div>\r\n\t\t\t\t<\/div>\r\n\t\t\t\t<div class=\"elementor-element elementor-element-cd04e93 elementor-position-left elementor-view-default elementor-vertical-align-top elementor-widget elementor-widget-icon-box\" data-id=\"cd04e93\" data-element_type=\"widget\" data-widget_type=\"icon-box.default\">\r\n\t\t\t\t<div class=\"elementor-widget-container\">\r\n\t\t\t\t\t<div class=\"elementor-icon-box-wrapper\">\r\n\t\t\t\t\t\t<div class=\"elementor-icon-box-icon\">\r\n\t\t\t\t<span class=\"elementor-icon elementor-animation-\" >\r\n\t\t\t\t<svg xmlns=\"http:\/\/www.w3.org\/2000\/svg\" xmlns:xlink=\"http:\/\/www.w3.org\/1999\/xlink\" xmlns:svgjs=\"http:\/\/svgjs.com\/svgjs\" width=\"512\" height=\"512\" x=\"0\" y=\"0\" viewbox=\"0 0 512 512\" style=\"enable-background:new 0 0 512 512\" xml:space=\"preserve\" class=\"\"><g><path xmlns=\"http:\/\/www.w3.org\/2000\/svg\" d=\"m467 151h-15v-15c0-19.554688-12.539062-36.226562-30-42.421875v-17.578125c0-8.285156-6.714844-15-15-15s-15 6.714844-15 15v17.578125c-17.460938 6.195313-29.988281 22.867187-29.988281 42.421875v244.277344c-.007813 18.070312-.011719 40.476562 29.988281 90.875v25.847656c0 8.285156 6.714844 15 15 15s15-6.714844 15-15v-25.847656c30.007812-50.40625 30.011719-72.742188 30-90.757813v-199.394531h15c8.269531 0 15 6.730469 15 15v90c0 8.285156 6.714844 15 15 15s15-6.714844 15-15v-90c0-24.8125-20.1875-45-45-45zm-59.980469 285.453125c-11.015625-21.613281-13.953125-34.921875-14.734375-45.464844h29.457032c-.738282 10.6875-3.609376 23.765625-14.722657 45.464844zm14.980469-75.453125h-30v-180h30zm-30-225c0-8.269531 6.730469-15 15-15s15 6.730469 15 15v15h-30zm0 0\" fill=\"#9caabf\" data-original=\"#000000\" style=\"\" class=\"\"><\/path><path xmlns=\"http:\/\/www.w3.org\/2000\/svg\" d=\"m45 512h242c24.8125 0 45-20.1875 45-45v-362c0-24.8125-20.1875-45-45-45h-46v-15c0-8.285156-6.714844-15-15-15h-17.570312c-6.191407-17.460938-22.875-30-42.429688-30s-36.238281 12.539062-42.429688 30h-17.570312c-8.285156 0-15 6.714844-15 15v15h-46c-24.8125 0-45 20.1875-45 45v362c0 24.8125 20.1875 45 45 45zm76-452h15c8.285156 0 15-6.714844 15-15 0-8.269531 6.730469-15 15-15s15 6.730469 15 15c0 8.285156 6.714844 15 15 15h15v30h-90zm-91 45c0-8.269531 6.730469-15 15-15h46v15c0 8.285156 6.714844 15 15 15h120c8.285156 0 15-6.714844 15-15v-15h46c8.269531 0 15 6.730469 15 15v362c0 8.269531-6.730469 15-15 15h-242c-8.269531 0-15-6.730469-15-15zm0 0\" fill=\"#9caabf\" data-original=\"#000000\" style=\"\" class=\"\"><\/path><path xmlns=\"http:\/\/www.w3.org\/2000\/svg\" d=\"m76 361h181c8.285156 0 15-6.714844 15-15s-6.714844-15-15-15h-181c-8.285156 0-15 6.714844-15 15s6.714844 15 15 15zm0 0\" fill=\"#9caabf\" data-original=\"#000000\" style=\"\" class=\"\"><\/path><path xmlns=\"http:\/\/www.w3.org\/2000\/svg\" d=\"m76 421h181c8.285156 0 15-6.714844 15-15s-6.714844-15-15-15h-181c-8.285156 0-15 6.714844-15 15s6.714844 15 15 15zm0 0\" fill=\"#9caabf\" data-original=\"#000000\" style=\"\" class=\"\"><\/path><path xmlns=\"http:\/\/www.w3.org\/2000\/svg\" d=\"m76 301h181c8.285156 0 15-6.714844 15-15s-6.714844-15-15-15h-181c-8.285156 0-15 6.714844-15 15s6.714844 15 15 15zm0 0\" fill=\"#9caabf\" data-original=\"#000000\" style=\"\" class=\"\"><\/path><path xmlns=\"http:\/\/www.w3.org\/2000\/svg\" d=\"m106 211h120c8.285156 0 15-6.714844 15-15s-6.714844-15-15-15h-120c-8.285156 0-15 6.714844-15 15s6.714844 15 15 15zm0 0\" fill=\"#9caabf\" data-original=\"#000000\" style=\"\" class=\"\"><\/path><\/g><\/svg>\t\t\t\t<\/span>\r\n\t\t\t<\/div>\r\n\t\t\t\t\t\t<div class=\"elementor-icon-box-content\">\r\n\t\t\t\t<h3 class=\"elementor-icon-box-title\">\r\n\t\t\t\t\t<span >Accesso membri registrati<\/span>\r\n\t\t\t\t<\/h3>\r\n\t\t\t\t\t\t\t<\/div>\r\n\t\t<\/div>\r\n\t\t\t\t<\/div>\r\n\t\t\t\t<\/div>\r\n\t\t\t\t<div class=\"elementor-element elementor-element-82f453c elementor-widget elementor-widget-heading\" data-id=\"82f453c\" data-element_type=\"widget\" data-widget_type=\"heading.default\">\r\n\t\t\t\t<div class=\"elementor-widget-container\">\r\n\t\t\t<h2 class=\"elementor-heading-title elementor-size-default\">L'accesso a questo sito, che consente la scelta e l'acquisto dei prodotti, \u00e8 soggetto a registrazione. La procedura di registrazione richiede i seguenti dati obbligatori: nome, cognome e indirizzo email. Se sei un'azienda, sono necessari pi\u00f9 dati, come le informazioni fiscali (numero di partita IVA, ecc.). Inoltre, \u00e8 necessario indicare una password di vostra scelta, che sar\u00e0 necessario per gli accessi successivi all'area utente.<\/h2>\t\t<\/div>\r\n\t\t\t\t<\/div>\r\n\t\t\t\t<div class=\"elementor-element elementor-element-edbfc44 elementor-widget elementor-widget-heading\" data-id=\"edbfc44\" data-element_type=\"widget\" data-widget_type=\"heading.default\">\r\n\t\t\t\t<div class=\"elementor-widget-container\">\r\n\t\t\t<h2 class=\"elementor-heading-title elementor-size-default\">A vostra scelta, \u00e8 possibile inserire ulteriori dati non obbligatori, come il sesso, la data di nascita e l'iscrizione alla newsletter aziendale. Nella sezione del sito \"Il mio account\" \u00e8 possibile in qualsiasi momento modificare i dati personali forniti al momento della registrazione, gli indirizzi per la consegna dei prodotti acquistati e l'iscrizione alla newsletter. Nella stessa sezione \u00e8 possibile visualizzare la cronologia degli ordini e delle fatture, il contenuto del carrello e la lista dei desideri. Fluidbay garantisce che i dati raccolti durante le fasi di registrazione e pagamento siano trattati con la massima cura, utilizzando le moderne policy di sicurezza IT.<\/h2>\t\t<\/div>\r\n\t\t\t\t<\/div>\r\n\t\t\t\t<div class=\"elementor-element elementor-element-8b7a9d1 elementor-widget elementor-widget-heading\" data-id=\"8b7a9d1\" data-element_type=\"widget\" data-widget_type=\"heading.default\">\r\n\t\t\t\t<div class=\"elementor-widget-container\">\r\n\t\t\t<h2 class=\"elementor-heading-title elementor-size-default\">Pi\u00f9 in dettaglio, i dati raccolti sono finalizzati a: <\/h2>\t\t<\/div>\r\n\t\t\t\t<\/div>\r\n\t\t\t\t<div class=\"elementor-element elementor-element-482e32a elementor-align-left elementor-icon-list--layout-traditional elementor-list-item-link-full_width elementor-widget elementor-widget-icon-list\" data-id=\"482e32a\" data-element_type=\"widget\" data-widget_type=\"icon-list.default\">\r\n\t\t\t\t<div class=\"elementor-widget-container\">\r\n\t\t\t\t\t<ul class=\"elementor-icon-list-items\">\r\n\t\t\t\t\t\t\t<li class=\"elementor-icon-list-item\">\r\n\t\t\t\t\t\t\t\t\t\t\t<span class=\"elementor-icon-list-icon\">\r\n\t\t\t\t\t\t\t<i aria-hidden=\"true\" class=\"far fa-check-circle\"><\/i>\t\t\t\t\t\t<\/span>\r\n\t\t\t\t\t\t\t\t\t\t<span class=\"elementor-icon-list-text\">fattura e consegna dei prodotti acquistati<\/span>\r\n\t\t\t\t\t\t\t\t\t<\/li>\r\n\t\t\t\t\t\t\t\t<li class=\"elementor-icon-list-item\">\r\n\t\t\t\t\t\t\t\t\t\t\t<span class=\"elementor-icon-list-icon\">\r\n\t\t\t\t\t\t\t<i aria-hidden=\"true\" class=\"far fa-check-circle\"><\/i>\t\t\t\t\t\t<\/span>\r\n\t\t\t\t\t\t\t\t\t\t<span class=\"elementor-icon-list-text\">creare una mailing list per l'invio della newsletter aziendale<\/span>\r\n\t\t\t\t\t\t\t\t\t<\/li>\r\n\t\t\t\t\t\t\t\t<li class=\"elementor-icon-list-item\">\r\n\t\t\t\t\t\t\t\t\t\t\t<span class=\"elementor-icon-list-icon\">\r\n\t\t\t\t\t\t\t<i aria-hidden=\"true\" class=\"far fa-check-circle\"><\/i>\t\t\t\t\t\t<\/span>\r\n\t\t\t\t\t\t\t\t\t\t<span class=\"elementor-icon-list-text\">creare una mailing list dei clienti del negozio online, finalizzata al marketing e all'analisi statistica per l'uso esclusivo di Fluidbay<\/span>\r\n\t\t\t\t\t\t\t\t\t<\/li>\r\n\t\t\t\t\t\t<\/ul>\r\n\t\t\t\t<\/div>\r\n\t\t\t\t<\/div>\r\n\t\t\t\t<div class=\"elementor-element elementor-element-5129f54 elementor-widget elementor-widget-heading\" data-id=\"5129f54\" data-element_type=\"widget\" data-widget_type=\"heading.default\">\r\n\t\t\t\t<div class=\"elementor-widget-container\">\r\n\t\t\t<h2 class=\"elementor-heading-title elementor-size-default\"><b>Fluidbay non fornisce a terzi nessuno dei dati raccolti su questo portale per scopi commerciali.<\/b><\/h2>\t\t<\/div>\r\n\t\t\t\t<\/div>\r\n\t\t\t\t<div class=\"elementor-element elementor-element-aa7a632 elementor-widget elementor-widget-text-editor\" data-id=\"aa7a632\" data-element_type=\"widget\" data-widget_type=\"text-editor.default\">\r\n\t\t\t\t<div class=\"elementor-widget-container\">\r\n\t\t\t\t\t<div class=\"elementor-text-editor elementor-clearfix\"><\/div>\r\n\t\t\t\t<\/div>\r\n\t\t\t\t<\/div>\r\n\t\t\t\t\t\t<\/div>\r\n\t\t\t\t\t<\/div>\r\n\t\t<\/div>\r\n\t\t\t\t\t\t\t\t<\/div>\r\n\t\t\t\t\t<\/div>\r\n\t\t<\/section>\r\n\t\t\t\t\t\t<\/div>\r\n\t\t\t\t\t<\/div>\r\n\t\t<\/div>\r\n\t\t\t\t\t\t\t\t<\/div>\r\n\t\t\t\t\t<\/div>\r\n\t\t<\/section>\r\n\t\t\t\t\t\t<\/div>\r\n\t\t\t\t\t\t<\/div>\r\n\t\t\t\t\t<\/div>","protected":false},"excerpt":{"rendered":"<p>Terms of use Welcome to FluidBay, the online shop dedicated to hydraulics. If you wish more information on our products and on our manufacturing company, please check www.hydronit.com Access to this web site On this web site you will find information about our fluid power products, single components or completely pre-configured and assembled micro and [&hellip;]<\/p>","protected":false},"author":1,"featured_media":0,"parent":0,"menu_order":0,"comment_status":"closed","ping_status":"closed","template":"elementor_header_footer","meta":{"_glsr_average":0,"_glsr_ranking":0,"_glsr_reviews":0,"footnotes":""},"class_list":["post-384","page","type-page","status-publish","hentry"],"_links":{"self":[{"href":"https:\/\/fluidbay.com\/it\/wp-json\/wp\/v2\/pages\/384"}],"collection":[{"href":"https:\/\/fluidbay.com\/it\/wp-json\/wp\/v2\/pages"}],"about":[{"href":"https:\/\/fluidbay.com\/it\/wp-json\/wp\/v2\/types\/page"}],"author":[{"embeddable":true,"href":"https:\/\/fluidbay.com\/it\/wp-json\/wp\/v2\/users\/1"}],"replies":[{"embeddable":true,"href":"https:\/\/fluidbay.com\/it\/wp-json\/wp\/v2\/comments?post=384"}],"version-history":[{"count":31,"href":"https:\/\/fluidbay.com\/it\/wp-json\/wp\/v2\/pages\/384\/revisions"}],"predecessor-version":[{"id":14366,"href":"https:\/\/fluidbay.com\/it\/wp-json\/wp\/v2\/pages\/384\/revisions\/14366"}],"wp:attachment":[{"href":"https:\/\/fluidbay.com\/it\/wp-json\/wp\/v2\/media?parent=384"}],"curies":[{"name":"wp","href":"https:\/\/api.w.org\/{rel}","templated":true}]}}