{"id":14396,"date":"2025-02-07T11:22:45","date_gmt":"2025-02-07T10:22:45","guid":{"rendered":"https:\/\/fluidbay.com\/product\/rele-di-avviamento-12vdc-300a-per-motori-o125-e-o151\/"},"modified":"2025-02-07T11:59:34","modified_gmt":"2025-02-07T10:59:34","slug":"rele-di-avviamento-12vdc-300a-per-motori-o125-e-o151","status":"publish","type":"product","link":"https:\/\/fluidbay.com\/it\/prodotto\/rele-di-avviamento-12vdc-300a-per-motori-o125-e-o151\/","title":{"rendered":"rel\u00e8 di avviamento 12VDC 300A per motori \u00d8125 e \u00d8151"},"content":{"rendered":"","protected":false},"excerpt":{"rendered":"","protected":false},"featured_media":14442,"template":"","meta":{"_glsr_average":0,"_glsr_ranking":0,"_glsr_reviews":0},"class_list":["post-14396","product","type-product","status-publish","has-post-thumbnail","hentry","product_cat-outlet"],"_links":{"self":[{"href":"https:\/\/fluidbay.com\/it\/wp-json\/wp\/v2\/product\/14396"}],"collection":[{"href":"https:\/\/fluidbay.com\/it\/wp-json\/wp\/v2\/product"}],"about":[{"href":"https:\/\/fluidbay.com\/it\/wp-json\/wp\/v2\/types\/product"}],"wp:featuredmedia":[{"embeddable":true,"href":"https:\/\/fluidbay.com\/it\/wp-json\/wp\/v2\/media\/14442"}],"wp:attachment":[{"href":"https:\/\/fluidbay.com\/it\/wp-json\/wp\/v2\/media?parent=14396"}],"curies":[{"name":"wp","href":"https:\/\/api.w.org\/{rel}","templated":true}]}}