{"id":7390,"date":"2021-07-02T11:24:44","date_gmt":"2021-07-02T09:24:44","guid":{"rendered":"https:\/\/fluidbay.raneri.it\/product\/starting-relay-12vdc-300a-for-o125-and-o151-motors\/"},"modified":"2026-03-03T13:33:56","modified_gmt":"2026-03-03T12:33:56","slug":"starting-relay-12vdc-300a-for-o125-and-o151-motors","status":"publish","type":"product","link":"https:\/\/fluidbay.com\/it\/prodotto\/starting-relay-12vdc-300a-for-o125-and-o151-motors\/","title":{"rendered":"rel\u00e8 di avviamento 12VDC 300A per motori \u00d8125 e \u00d8151"},"content":{"rendered":"<p><a href=\"https:\/\/fluidbay.com\/wp-content\/uploads\/2021\/07\/55.pdf\">55<\/a><\/p>","protected":false},"excerpt":{"rendered":"<p><span class=\"markedContent\"><span dir=\"ltr\" role=\"presentation\"><strong>Peso:<\/strong> 0,39kg<\/span><br role=\"presentation\" \/><span dir=\"ltr\" role=\"presentation\"><strong>Protection degree:<\/strong> IP67<\/span><br role=\"presentation\" \/><span dir=\"ltr\" role=\"presentation\"><strong>Max current draw:<\/strong> 2A@12VDC &#8211; 1A@24VDC<\/span><br role=\"presentation\" \/><span dir=\"ltr\" role=\"presentation\"><strong>Standard temperature range:<\/strong> -40\u00b0C to +85\u00b0C<br \/>\n<strong>Poles thread:<\/strong> 2 x 10-32 UNF 2A; 2 x 5\/16-24 UNF 2A UL starting relays available on request *on resistive load<br \/>\n<\/span><\/span><\/p>","protected":false},"featured_media":13116,"template":"","meta":{"_glsr_average":0,"_glsr_ranking":0,"_glsr_reviews":0},"class_list":["post-7390","product","type-product","status-publish","has-post-thumbnail","hentry","product_cat-relay"],"_links":{"self":[{"href":"https:\/\/fluidbay.com\/it\/wp-json\/wp\/v2\/product\/7390"}],"collection":[{"href":"https:\/\/fluidbay.com\/it\/wp-json\/wp\/v2\/product"}],"about":[{"href":"https:\/\/fluidbay.com\/it\/wp-json\/wp\/v2\/types\/product"}],"wp:featuredmedia":[{"embeddable":true,"href":"https:\/\/fluidbay.com\/it\/wp-json\/wp\/v2\/media\/13116"}],"wp:attachment":[{"href":"https:\/\/fluidbay.com\/it\/wp-json\/wp\/v2\/media?parent=7390"}],"curies":[{"name":"wp","href":"https:\/\/api.w.org\/{rel}","templated":true}]}}