{"id":8612,"date":"2021-07-02T12:31:18","date_gmt":"2021-07-02T10:31:18","guid":{"rendered":"https:\/\/fluidbay.raneri.it\/product\/o125-and-o151-motors-starter-switch-mounting-kit\/"},"modified":"2025-09-19T16:47:06","modified_gmt":"2025-09-19T14:47:06","slug":"o125-and-o151-motors-starter-switch-mounting-kit","status":"publish","type":"product","link":"https:\/\/fluidbay.com\/it\/prodotto\/o125-and-o151-motors-starter-switch-mounting-kit\/","title":{"rendered":"kit montaggio rel\u00e8 per motori \u00d8125 e \u00d8151"},"content":{"rendered":"<p><a href=\"https:\/\/fluidbay.com\/wp-content\/uploads\/2021\/07\/A060-11.pdf\">A060<\/a><\/p>","protected":false},"excerpt":{"rendered":"<p>kit montaggio rel\u00e8 per motori \u00d8125 e \u00d8151<\/p>","protected":false},"featured_media":13183,"template":"","meta":{"_glsr_average":0,"_glsr_ranking":0,"_glsr_reviews":0},"class_list":["post-8612","product","type-product","status-publish","has-post-thumbnail","hentry","product_cat-motor-accessory"],"_links":{"self":[{"href":"https:\/\/fluidbay.com\/it\/wp-json\/wp\/v2\/product\/8612"}],"collection":[{"href":"https:\/\/fluidbay.com\/it\/wp-json\/wp\/v2\/product"}],"about":[{"href":"https:\/\/fluidbay.com\/it\/wp-json\/wp\/v2\/types\/product"}],"wp:featuredmedia":[{"embeddable":true,"href":"https:\/\/fluidbay.com\/it\/wp-json\/wp\/v2\/media\/13183"}],"wp:attachment":[{"href":"https:\/\/fluidbay.com\/it\/wp-json\/wp\/v2\/media?parent=8612"}],"curies":[{"name":"wp","href":"https:\/\/api.w.org\/{rel}","templated":true}]}}